{"id":3616,"date":"2024-07-14T04:49:37","date_gmt":"2024-07-14T04:49:37","guid":{"rendered":"https:\/\/smart-click.agency\/famarella\/?post_type=product&#038;p=3616"},"modified":"2024-10-06T04:27:47","modified_gmt":"2024-10-06T04:27:47","slug":"divergent","status":"publish","type":"product","link":"https:\/\/www.famarella.com\/fr\/inspirations\/divergent\/","title":{"rendered":"divergent"},"content":{"rendered":"<p>tout est en esprit \u00e9corch\u00e9 et est sur le point de saisir le message des cieux; cette conception a une spiritualit\u00e9 soufie. regardez les lignes et les courbes et apportez la m\u00e9taphysique de la fluidit\u00e9 soufie sur le sol. la locution du design est pure et se coince sans limite &#8211; la lib\u00e9ration des lignes libres et un fouillis exquis qui rappelle un lierre.<\/p>\n","protected":false},"excerpt":{"rendered":"<h2>information sur le produit<\/h2>\n<p><strong>taille:<\/strong>120 x 280\u00a0\/60 x 120<\/p>\n<p><strong>surface:<\/strong>mat\u00a0\/travail fait \u00e0 la main<\/p>\n<p><strong>T\u00e9l\u00e9charger le catalogue: <\/strong><a href=\"https:\/\/www.famarella.com\/wp-content\/uploads\/2024\/09\/Famarella-decor-24-Feb.pdf\">MoonWalk 2023<\/a><\/p>\n","protected":false},"featured_media":12293,"comment_status":"open","ping_status":"closed","template":"","meta":{"_acf_changed":false},"product_brand":[],"product_cat":[121],"product_tag":[],"class_list":{"0":"post-3616","1":"product","2":"type-product","3":"status-publish","4":"has-post-thumbnail","6":"product_cat-inspirations-fr","7":"pa_colors-beige-fr","9":"first","10":"instock","11":"shipping-taxable","12":"product-type-simple"},"acf":[],"_links":{"self":[{"href":"https:\/\/www.famarella.com\/fr\/wp-json\/wp\/v2\/product\/3616","targetHints":{"allow":["GET"]}}],"collection":[{"href":"https:\/\/www.famarella.com\/fr\/wp-json\/wp\/v2\/product"}],"about":[{"href":"https:\/\/www.famarella.com\/fr\/wp-json\/wp\/v2\/types\/product"}],"replies":[{"embeddable":true,"href":"https:\/\/www.famarella.com\/fr\/wp-json\/wp\/v2\/comments?post=3616"}],"wp:featuredmedia":[{"embeddable":true,"href":"https:\/\/www.famarella.com\/fr\/wp-json\/wp\/v2\/media\/12293"}],"wp:attachment":[{"href":"https:\/\/www.famarella.com\/fr\/wp-json\/wp\/v2\/media?parent=3616"}],"wp:term":[{"taxonomy":"product_brand","embeddable":true,"href":"https:\/\/www.famarella.com\/fr\/wp-json\/wp\/v2\/product_brand?post=3616"},{"taxonomy":"product_cat","embeddable":true,"href":"https:\/\/www.famarella.com\/fr\/wp-json\/wp\/v2\/product_cat?post=3616"},{"taxonomy":"product_tag","embeddable":true,"href":"https:\/\/www.famarella.com\/fr\/wp-json\/wp\/v2\/product_tag?post=3616"}],"curies":[{"name":"wp","href":"https:\/\/api.w.org\/{rel}","templated":true}]}}