{"id":3612,"date":"2024-07-14T04:50:58","date_gmt":"2024-07-14T04:50:58","guid":{"rendered":"https:\/\/smart-click.agency\/famarella\/?post_type=product&#038;p=3612"},"modified":"2024-10-06T04:27:46","modified_gmt":"2024-10-06T04:27:46","slug":"dream","status":"publish","type":"product","link":"https:\/\/www.famarella.com\/fr\/inspirations\/dream\/","title":{"rendered":"dream"},"content":{"rendered":"<p>pr\u00e9pond\u00e9rant sur les flots, propageant \u00e0 l\u00b4horizon une atmosph\u00e8re imposante mais paisible et bleue. cette conception est l\u00b4une des conceptions de peinture inspir\u00e9es par le concept de la mer et de la navigation. la hauteur \u00e9lev\u00e9e et la composition \u00e0 double lamelle de cette conception la rendent adapt\u00e9e aux halls \u00e0 haut plafond profond pour imposer une sensation de calme.<\/p>\n","protected":false},"excerpt":{"rendered":"<h2>information sur le produit<\/h2>\n<p><strong>taille:<\/strong>120 x 280\u00a0\/60 x 120<\/p>\n<p><strong>surface:<\/strong>mat\u00a0\/texture num\u00e9rique compl\u00e8te\u00a0\/travail fait \u00e0 la main\u00a0\/couleur compl\u00e8te<\/p>\n<p><strong>T\u00e9l\u00e9charger le catalogue: <\/strong><a href=\"https:\/\/www.famarella.com\/wp-content\/uploads\/2024\/09\/Famarella-decor-24-Feb.pdf\">MoonWalk 2023<\/a><\/p>\n","protected":false},"featured_media":12288,"comment_status":"open","ping_status":"closed","template":"","meta":{"_acf_changed":false},"product_brand":[],"product_cat":[121],"product_tag":[],"class_list":{"0":"post-3612","1":"product","2":"type-product","3":"status-publish","4":"has-post-thumbnail","6":"product_cat-inspirations-fr","7":"pa_colors-bleue","9":"first","10":"instock","11":"shipping-taxable","12":"product-type-simple"},"acf":[],"_links":{"self":[{"href":"https:\/\/www.famarella.com\/fr\/wp-json\/wp\/v2\/product\/3612","targetHints":{"allow":["GET"]}}],"collection":[{"href":"https:\/\/www.famarella.com\/fr\/wp-json\/wp\/v2\/product"}],"about":[{"href":"https:\/\/www.famarella.com\/fr\/wp-json\/wp\/v2\/types\/product"}],"replies":[{"embeddable":true,"href":"https:\/\/www.famarella.com\/fr\/wp-json\/wp\/v2\/comments?post=3612"}],"wp:featuredmedia":[{"embeddable":true,"href":"https:\/\/www.famarella.com\/fr\/wp-json\/wp\/v2\/media\/12288"}],"wp:attachment":[{"href":"https:\/\/www.famarella.com\/fr\/wp-json\/wp\/v2\/media?parent=3612"}],"wp:term":[{"taxonomy":"product_brand","embeddable":true,"href":"https:\/\/www.famarella.com\/fr\/wp-json\/wp\/v2\/product_brand?post=3612"},{"taxonomy":"product_cat","embeddable":true,"href":"https:\/\/www.famarella.com\/fr\/wp-json\/wp\/v2\/product_cat?post=3612"},{"taxonomy":"product_tag","embeddable":true,"href":"https:\/\/www.famarella.com\/fr\/wp-json\/wp\/v2\/product_tag?post=3612"}],"curies":[{"name":"wp","href":"https:\/\/api.w.org\/{rel}","templated":true}]}}