{"id":3609,"date":"2024-07-14T04:52:34","date_gmt":"2024-07-14T04:52:34","guid":{"rendered":"https:\/\/smart-click.agency\/famarella\/?post_type=product&#038;p=3609"},"modified":"2024-10-06T04:27:46","modified_gmt":"2024-10-06T04:27:46","slug":"eden","status":"publish","type":"product","link":"https:\/\/www.famarella.com\/fr\/inspirations\/eden\/","title":{"rendered":"eden"},"content":{"rendered":"<p>un gentil coucher de soleil ou un apr\u00e8s-midi tendre qui nous rend toujours de belle memo. cette mise en page peut attirer le go\u00fbt artistique du client gr\u00e2ce a avoir tous les deux les coups de touches impressionism , et sa grande expressivit\u00e9. cette conception convient \u00e0 tous r\u00e9sidentiel, commercial, et d\u00b4usage au bureau. les toilettes, les salles de bains et tous les espaces li\u00e9s \u00e0 un centre touristique peuvent consommer cette mod\u00e8le pour cr\u00e9er un lieu attrayant et glorieux.<\/p>\n","protected":false},"excerpt":{"rendered":"<h2>information sur le produit<\/h2>\n<p><strong>taille:<\/strong>120 x 280\u00a0\/60 x 120<\/p>\n<p><strong>surface:<\/strong>mat\u00a0\/couleur compl\u00e8te\u00a0\/texture num\u00e9rique compl\u00e8te\u00a0\/travail fait \u00e0 la main\u00a0\/compl\u00e8tement poli<\/p>\n<p><strong>T\u00e9l\u00e9charger le catalogue: <\/strong><a href=\"https:\/\/www.famarella.com\/wp-content\/uploads\/2024\/09\/Famarella-decor-24-Feb.pdf\">MoonWalk 2023<\/a><\/p>\n","protected":false},"featured_media":12284,"comment_status":"open","ping_status":"closed","template":"","meta":{"_acf_changed":false},"product_brand":[],"product_cat":[121],"product_tag":[],"class_list":{"0":"post-3609","1":"product","2":"type-product","3":"status-publish","4":"has-post-thumbnail","6":"product_cat-inspirations-fr","7":"pa_colors-rose","9":"first","10":"instock","11":"shipping-taxable","12":"product-type-simple"},"acf":[],"_links":{"self":[{"href":"https:\/\/www.famarella.com\/fr\/wp-json\/wp\/v2\/product\/3609","targetHints":{"allow":["GET"]}}],"collection":[{"href":"https:\/\/www.famarella.com\/fr\/wp-json\/wp\/v2\/product"}],"about":[{"href":"https:\/\/www.famarella.com\/fr\/wp-json\/wp\/v2\/types\/product"}],"replies":[{"embeddable":true,"href":"https:\/\/www.famarella.com\/fr\/wp-json\/wp\/v2\/comments?post=3609"}],"wp:featuredmedia":[{"embeddable":true,"href":"https:\/\/www.famarella.com\/fr\/wp-json\/wp\/v2\/media\/12284"}],"wp:attachment":[{"href":"https:\/\/www.famarella.com\/fr\/wp-json\/wp\/v2\/media?parent=3609"}],"wp:term":[{"taxonomy":"product_brand","embeddable":true,"href":"https:\/\/www.famarella.com\/fr\/wp-json\/wp\/v2\/product_brand?post=3609"},{"taxonomy":"product_cat","embeddable":true,"href":"https:\/\/www.famarella.com\/fr\/wp-json\/wp\/v2\/product_cat?post=3609"},{"taxonomy":"product_tag","embeddable":true,"href":"https:\/\/www.famarella.com\/fr\/wp-json\/wp\/v2\/product_tag?post=3609"}],"curies":[{"name":"wp","href":"https:\/\/api.w.org\/{rel}","templated":true}]}}