{"id":3574,"date":"2024-07-14T05:10:51","date_gmt":"2024-07-14T05:10:51","guid":{"rendered":"https:\/\/smart-click.agency\/famarella\/?post_type=product&#038;p=3574"},"modified":"2024-10-06T04:27:40","modified_gmt":"2024-10-06T04:27:40","slug":"outrance","status":"publish","type":"product","link":"https:\/\/www.famarella.com\/fr\/inspirations\/outrance\/","title":{"rendered":"outrance"},"content":{"rendered":"<p>la mer au coucher du soleil apr\u00e9 la temp\u00e9t &#8211; un rappel que cela aussi passera et que vous restez calme pour pouvoir traverser ces raz-de-mar\u00e9e en paix. il s\u00b4agit d\u00b4un dessin pictural qui r\u00e9concilie l\u00b4industrie et les beaux-arts. ce qui signifie que nous cherchons \u00e0 amener l\u00b4art dans le contexte de la vie quotidienne. avec un tel design, vous avez \u00e0 la fois beaut\u00e9 et \u00e9conomie.<\/p>\n","protected":false},"excerpt":{"rendered":"<h2>information sur le produit<\/h2>\n<p><strong>taille:<\/strong>120 x 280\u00a0\/60 x 120<\/p>\n<p><strong>surface:<\/strong>mat\u00a0\/couleur compl\u00e8te\u00a0\/texture num\u00e9rique compl\u00e8te\u00a0\/travail fait \u00e0 la main<\/p>\n<p><strong>T\u00e9l\u00e9charger le catalogue: <\/strong><a href=\"https:\/\/www.famarella.com\/wp-content\/uploads\/2024\/09\/Famarella-decor-24-Feb.pdf\">MoonWalk 2023<\/a><\/p>\n","protected":false},"featured_media":12167,"comment_status":"open","ping_status":"closed","template":"","meta":{"_acf_changed":false},"product_brand":[],"product_cat":[121],"product_tag":[],"class_list":{"0":"post-3574","1":"product","2":"type-product","3":"status-publish","4":"has-post-thumbnail","6":"product_cat-inspirations-fr","7":"pa_colors-bleue","9":"first","10":"instock","11":"shipping-taxable","12":"product-type-simple"},"acf":[],"_links":{"self":[{"href":"https:\/\/www.famarella.com\/fr\/wp-json\/wp\/v2\/product\/3574","targetHints":{"allow":["GET"]}}],"collection":[{"href":"https:\/\/www.famarella.com\/fr\/wp-json\/wp\/v2\/product"}],"about":[{"href":"https:\/\/www.famarella.com\/fr\/wp-json\/wp\/v2\/types\/product"}],"replies":[{"embeddable":true,"href":"https:\/\/www.famarella.com\/fr\/wp-json\/wp\/v2\/comments?post=3574"}],"wp:featuredmedia":[{"embeddable":true,"href":"https:\/\/www.famarella.com\/fr\/wp-json\/wp\/v2\/media\/12167"}],"wp:attachment":[{"href":"https:\/\/www.famarella.com\/fr\/wp-json\/wp\/v2\/media?parent=3574"}],"wp:term":[{"taxonomy":"product_brand","embeddable":true,"href":"https:\/\/www.famarella.com\/fr\/wp-json\/wp\/v2\/product_brand?post=3574"},{"taxonomy":"product_cat","embeddable":true,"href":"https:\/\/www.famarella.com\/fr\/wp-json\/wp\/v2\/product_cat?post=3574"},{"taxonomy":"product_tag","embeddable":true,"href":"https:\/\/www.famarella.com\/fr\/wp-json\/wp\/v2\/product_tag?post=3574"}],"curies":[{"name":"wp","href":"https:\/\/api.w.org\/{rel}","templated":true}]}}