{"id":3565,"date":"2024-07-14T05:14:40","date_gmt":"2024-07-14T05:14:40","guid":{"rendered":"https:\/\/smart-click.agency\/famarella\/?post_type=product&#038;p=3565"},"modified":"2024-10-06T04:27:38","modified_gmt":"2024-10-06T04:27:38","slug":"tempo","status":"publish","type":"product","link":"https:\/\/www.famarella.com\/fr\/inspirations\/tempo\/","title":{"rendered":"tempo"},"content":{"rendered":"<p>avec le bon moment, vous pouvez faire beaucoup, rappelez-vous que moins c\u00b4est plus. si vous avez un espace que vous souhaitez rendre prestigieux et que vous avez un esprit artistique et culturel, tempo est un design qui r\u00e9pond \u00e0 ces besoins intellectuels. il a \u00e9galement \u00e9t\u00e9 class\u00e9 comme la meilleure offre et un design id\u00e9al pour les espaces orient\u00e9s vers l\u00b4industrie musicale.<\/p>\n","protected":false},"excerpt":{"rendered":"<h2>information sur le produit<\/h2>\n<p><strong>taille:<\/strong>120 x 280\u00a0\/60 x 120<\/p>\n<p><strong>surface:<\/strong>mat\u00a0\/compl\u00e8tement poli\u00a0\/m\u00e9tal pr\u00e9cieux\u00a0\/texture num\u00e9rique compl\u00e8te<\/p>\n<p><strong>T\u00e9l\u00e9charger le catalogue: <\/strong><a href=\"https:\/\/www.famarella.com\/wp-content\/uploads\/2024\/09\/Famarella-decor-24-Feb.pdf\">MoonWalk 2023<\/a><\/p>\n","protected":false},"featured_media":12155,"comment_status":"open","ping_status":"closed","template":"","meta":{"_acf_changed":false},"product_brand":[],"product_cat":[121],"product_tag":[],"class_list":{"0":"post-3565","1":"product","2":"type-product","3":"status-publish","4":"has-post-thumbnail","6":"product_cat-inspirations-fr","7":"pa_colors-noire","9":"first","10":"instock","11":"shipping-taxable","12":"product-type-simple"},"acf":[],"_links":{"self":[{"href":"https:\/\/www.famarella.com\/fr\/wp-json\/wp\/v2\/product\/3565","targetHints":{"allow":["GET"]}}],"collection":[{"href":"https:\/\/www.famarella.com\/fr\/wp-json\/wp\/v2\/product"}],"about":[{"href":"https:\/\/www.famarella.com\/fr\/wp-json\/wp\/v2\/types\/product"}],"replies":[{"embeddable":true,"href":"https:\/\/www.famarella.com\/fr\/wp-json\/wp\/v2\/comments?post=3565"}],"wp:featuredmedia":[{"embeddable":true,"href":"https:\/\/www.famarella.com\/fr\/wp-json\/wp\/v2\/media\/12155"}],"wp:attachment":[{"href":"https:\/\/www.famarella.com\/fr\/wp-json\/wp\/v2\/media?parent=3565"}],"wp:term":[{"taxonomy":"product_brand","embeddable":true,"href":"https:\/\/www.famarella.com\/fr\/wp-json\/wp\/v2\/product_brand?post=3565"},{"taxonomy":"product_cat","embeddable":true,"href":"https:\/\/www.famarella.com\/fr\/wp-json\/wp\/v2\/product_cat?post=3565"},{"taxonomy":"product_tag","embeddable":true,"href":"https:\/\/www.famarella.com\/fr\/wp-json\/wp\/v2\/product_tag?post=3565"}],"curies":[{"name":"wp","href":"https:\/\/api.w.org\/{rel}","templated":true}]}}