{"id":3559,"date":"2024-07-14T05:17:39","date_gmt":"2024-07-14T05:17:39","guid":{"rendered":"https:\/\/smart-click.agency\/famarella\/?post_type=product&#038;p=3559"},"modified":"2024-10-06T04:27:37","modified_gmt":"2024-10-06T04:27:37","slug":"vector-gold","status":"publish","type":"product","link":"https:\/\/www.famarella.com\/fr\/inspirations\/vector-gold\/","title":{"rendered":"vector gold"},"content":{"rendered":"<p>une atmosph\u00e8re mod\u00e9r\u00e9 et propre mais luxueuse et memorable; cet agencement est issu de l&rsquo;imagination des concepteurs de famarella sur \u00ab\u00a0l&rsquo;id\u00e9e du futur\u00a0\u00bb combin\u00e9e \u00e0 l&rsquo;id\u00e9e d'\u00a0\u00bbune entreprise prestigieuse\u00a0\u00bb. applicable dans les environs commerciaux, les bureaux et les salles de club, ainsi que les espaces qui sont d\u00e9cor\u00e9s pour la production de contenu vid\u00e9o pour avoir un arri\u00e8re-plan saisissant tout en \u00e9tant attrayant et authentique et distingu\u00e9.<\/p>\n","protected":false},"excerpt":{"rendered":"<h2>information sur le produit<\/h2>\n<p><strong>taille:<\/strong>120 x 280\u00a0\/60 x 120<\/p>\n<p><strong>surface:<\/strong>mat\u00a0\/m\u00e9tal pr\u00e9cieux\u00a0\/texture num\u00e9rique compl\u00e8te<\/p>\n<p><strong>T\u00e9l\u00e9charger le catalogue: <\/strong><a href=\"https:\/\/www.famarella.com\/wp-content\/uploads\/2024\/09\/Famarella-decor-24-Feb.pdf\">MoonWalk 2023<\/a><\/p>\n","protected":false},"featured_media":12143,"comment_status":"open","ping_status":"closed","template":"","meta":{"_acf_changed":false},"product_brand":[],"product_cat":[121],"product_tag":[],"class_list":{"0":"post-3559","1":"product","2":"type-product","3":"status-publish","4":"has-post-thumbnail","6":"product_cat-inspirations-fr","7":"pa_colors-grise","8":"pa_colors-or","10":"first","11":"instock","12":"shipping-taxable","13":"product-type-simple"},"acf":[],"_links":{"self":[{"href":"https:\/\/www.famarella.com\/fr\/wp-json\/wp\/v2\/product\/3559","targetHints":{"allow":["GET"]}}],"collection":[{"href":"https:\/\/www.famarella.com\/fr\/wp-json\/wp\/v2\/product"}],"about":[{"href":"https:\/\/www.famarella.com\/fr\/wp-json\/wp\/v2\/types\/product"}],"replies":[{"embeddable":true,"href":"https:\/\/www.famarella.com\/fr\/wp-json\/wp\/v2\/comments?post=3559"}],"wp:featuredmedia":[{"embeddable":true,"href":"https:\/\/www.famarella.com\/fr\/wp-json\/wp\/v2\/media\/12143"}],"wp:attachment":[{"href":"https:\/\/www.famarella.com\/fr\/wp-json\/wp\/v2\/media?parent=3559"}],"wp:term":[{"taxonomy":"product_brand","embeddable":true,"href":"https:\/\/www.famarella.com\/fr\/wp-json\/wp\/v2\/product_brand?post=3559"},{"taxonomy":"product_cat","embeddable":true,"href":"https:\/\/www.famarella.com\/fr\/wp-json\/wp\/v2\/product_cat?post=3559"},{"taxonomy":"product_tag","embeddable":true,"href":"https:\/\/www.famarella.com\/fr\/wp-json\/wp\/v2\/product_tag?post=3559"}],"curies":[{"name":"wp","href":"https:\/\/api.w.org\/{rel}","templated":true}]}}