{"id":3555,"date":"2024-07-14T05:18:52","date_gmt":"2024-07-14T05:18:52","guid":{"rendered":"https:\/\/smart-click.agency\/famarella\/?post_type=product&#038;p=3555"},"modified":"2024-10-06T04:27:36","modified_gmt":"2024-10-06T04:27:36","slug":"vita","status":"publish","type":"product","link":"https:\/\/www.famarella.com\/fr\/inspirations\/vita\/","title":{"rendered":"vita"},"content":{"rendered":"<p>un am\u00e9nagement de p\u00e9rennit\u00e9 toujours de rigueur, \u00e9clairant le vestibule de l&rsquo;imaginaire architectural. cette texture volatile serait compatible avec tout ce qui est in\u00e9gal\u00e9. une r\u00e9ponse succincte \u00e0 la convergence et adh\u00e9rente \u00e0 un design impeccable scintillant toute la forme de l&rsquo;int\u00e9rieur \u00e0 l&rsquo;int\u00e9rieur.<\/p>\n","protected":false},"excerpt":{"rendered":"<h2>information sur le produit<\/h2>\n<p><strong>taille:<\/strong>120 x 280\u00a0\/60 x 120<\/p>\n<p><strong>surface:<\/strong>mat\u00a0\/couleur compl\u00e8te\u00a0\/travail fait \u00e0 la main<\/p>\n<p><strong>T\u00e9l\u00e9charger le catalogue: <\/strong><a href=\"https:\/\/www.famarella.com\/wp-content\/uploads\/2024\/09\/Famarella-decor-24-Feb.pdf\">MoonWalk 2023<\/a><\/p>\n","protected":false},"featured_media":12138,"comment_status":"open","ping_status":"closed","template":"","meta":{"_acf_changed":false},"product_brand":[],"product_cat":[121],"product_tag":[],"class_list":{"0":"post-3555","1":"product","2":"type-product","3":"status-publish","4":"has-post-thumbnail","6":"product_cat-inspirations-fr","7":"pa_colors-bleue","9":"first","10":"instock","11":"shipping-taxable","12":"product-type-simple"},"acf":[],"_links":{"self":[{"href":"https:\/\/www.famarella.com\/fr\/wp-json\/wp\/v2\/product\/3555","targetHints":{"allow":["GET"]}}],"collection":[{"href":"https:\/\/www.famarella.com\/fr\/wp-json\/wp\/v2\/product"}],"about":[{"href":"https:\/\/www.famarella.com\/fr\/wp-json\/wp\/v2\/types\/product"}],"replies":[{"embeddable":true,"href":"https:\/\/www.famarella.com\/fr\/wp-json\/wp\/v2\/comments?post=3555"}],"wp:featuredmedia":[{"embeddable":true,"href":"https:\/\/www.famarella.com\/fr\/wp-json\/wp\/v2\/media\/12138"}],"wp:attachment":[{"href":"https:\/\/www.famarella.com\/fr\/wp-json\/wp\/v2\/media?parent=3555"}],"wp:term":[{"taxonomy":"product_brand","embeddable":true,"href":"https:\/\/www.famarella.com\/fr\/wp-json\/wp\/v2\/product_brand?post=3555"},{"taxonomy":"product_cat","embeddable":true,"href":"https:\/\/www.famarella.com\/fr\/wp-json\/wp\/v2\/product_cat?post=3555"},{"taxonomy":"product_tag","embeddable":true,"href":"https:\/\/www.famarella.com\/fr\/wp-json\/wp\/v2\/product_tag?post=3555"}],"curies":[{"name":"wp","href":"https:\/\/api.w.org\/{rel}","templated":true}]}}