{"id":13722,"date":"2024-10-21T12:47:51","date_gmt":"2024-10-21T12:47:51","guid":{"rendered":"https:\/\/www.famarella.com\/inspirations\/sunray\/"},"modified":"2024-10-21T12:50:19","modified_gmt":"2024-10-21T12:50:19","slug":"sunray","status":"publish","type":"product","link":"https:\/\/www.famarella.com\/fr\/inspirations\/sunray\/","title":{"rendered":"Sunray"},"content":{"rendered":"<p>Sunray, une pi\u00e8ce rayonnante de la collection Lumin, capture la po\u00e9sie silencieuse de la lumi\u00e8re du soleil lorsqu&rsquo;elle projette ses ombres tendres, cr\u00e9ant un moment de qui\u00e9tude au milieu de l&rsquo;agitation de la vie urbaine et vous invite \u00e0 \u00e9prouver l&rsquo;\u00e9l\u00e9gance discr\u00e8te de la lumi\u00e8re dans sa forme la plus pure.<\/p>\n<p>Sunray, am\u00e9lior\u00e9 par l&rsquo;effet Evodry, vous encourage \u00e0 faire une pause et \u00e0 embrasser les moments de calme o\u00f9 la lumi\u00e8re et l&rsquo;ombre conversent dans un mouvement doux.<\/p>\n<p>&nbsp;<\/p>\n<p><a href=\"https:\/\/www.famarella.com\/wp-content\/uploads\/2024\/10\/Novelty-Famarella.pdf\">Catalogue Download<\/a><\/p>\n","protected":false},"excerpt":{"rendered":"<p>Sunray, une pi\u00e8ce rayonnante de la collection Lumin, capture la po\u00e9sie silencieuse de la lumi\u00e8re du soleil lorsqu&rsquo;elle projette ses<\/p>\n","protected":false},"featured_media":13675,"comment_status":"open","ping_status":"closed","template":"","meta":{"_acf_changed":false},"product_brand":[],"product_cat":[410,424,380,384,121,420],"product_tag":[],"class_list":{"0":"post-13722","1":"product","2":"type-product","3":"status-publish","4":"has-post-thumbnail","6":"product_cat-carreaux-de-porcelaine-gris","7":"product_cat-carreaux-en-porcelaine-grand-format","8":"product_cat-carrelage-en-porcelaine","9":"product_cat-couleurs","10":"product_cat-inspirations-fr","11":"product_cat-taille","12":"pa_colors-grise","14":"first","15":"instock","16":"shipping-taxable","17":"product-type-simple"},"acf":[],"_links":{"self":[{"href":"https:\/\/www.famarella.com\/fr\/wp-json\/wp\/v2\/product\/13722","targetHints":{"allow":["GET"]}}],"collection":[{"href":"https:\/\/www.famarella.com\/fr\/wp-json\/wp\/v2\/product"}],"about":[{"href":"https:\/\/www.famarella.com\/fr\/wp-json\/wp\/v2\/types\/product"}],"replies":[{"embeddable":true,"href":"https:\/\/www.famarella.com\/fr\/wp-json\/wp\/v2\/comments?post=13722"}],"wp:featuredmedia":[{"embeddable":true,"href":"https:\/\/www.famarella.com\/fr\/wp-json\/wp\/v2\/media\/13675"}],"wp:attachment":[{"href":"https:\/\/www.famarella.com\/fr\/wp-json\/wp\/v2\/media?parent=13722"}],"wp:term":[{"taxonomy":"product_brand","embeddable":true,"href":"https:\/\/www.famarella.com\/fr\/wp-json\/wp\/v2\/product_brand?post=13722"},{"taxonomy":"product_cat","embeddable":true,"href":"https:\/\/www.famarella.com\/fr\/wp-json\/wp\/v2\/product_cat?post=13722"},{"taxonomy":"product_tag","embeddable":true,"href":"https:\/\/www.famarella.com\/fr\/wp-json\/wp\/v2\/product_tag?post=13722"}],"curies":[{"name":"wp","href":"https:\/\/api.w.org\/{rel}","templated":true}]}}