{"id":13008,"date":"2024-10-21T08:04:52","date_gmt":"2024-10-21T08:04:52","guid":{"rendered":"https:\/\/www.famarella.com\/inspirations\/altivo\/"},"modified":"2024-10-21T08:06:08","modified_gmt":"2024-10-21T08:06:08","slug":"altivo","status":"publish","type":"product","link":"https:\/\/www.famarella.com\/fr\/inspirations\/altivo\/","title":{"rendered":"Altivo"},"content":{"rendered":"<p>Issu de la pierre Jordan Grey, Altivo \u00e9voque un sentiment d&rsquo;authenticit\u00e9 et de perfection. Les veines complexes, associ\u00e9es \u00e0 la couleur neutre de ce design, attirent l&rsquo;\u0153il de loin, invitant le spectateur \u00e0 s&rsquo;approcher et \u00e0 participer \u00e0 l&rsquo;exp\u00e9rience.<br \/>\nLa couleur grise de ce produit englobe une impression de profondeur et de force. Ce produit joue un r\u00f4le essentiel dans le perfectionnement du style et des \u00e9l\u00e9ments de tout environnement.<\/p>\n","protected":false},"excerpt":{"rendered":"<p>Issu de la pierre Jordan Grey, Altivo \u00e9voque un sentiment d&rsquo;authenticit\u00e9 et de perfection. Les veines complexes, associ\u00e9es \u00e0 la<\/p>\n","protected":false},"featured_media":12969,"comment_status":"open","ping_status":"closed","template":"","meta":{"_acf_changed":false},"product_brand":[],"product_cat":[410,424,380,384,121,420],"product_tag":[],"class_list":{"0":"post-13008","1":"product","2":"type-product","3":"status-publish","4":"has-post-thumbnail","6":"product_cat-carreaux-de-porcelaine-gris","7":"product_cat-carreaux-en-porcelaine-grand-format","8":"product_cat-carrelage-en-porcelaine","9":"product_cat-couleurs","10":"product_cat-inspirations-fr","11":"product_cat-taille","12":"pa_colors-grise","13":"pa_looks-gres","15":"first","16":"instock","17":"shipping-taxable","18":"product-type-simple"},"acf":[],"_links":{"self":[{"href":"https:\/\/www.famarella.com\/fr\/wp-json\/wp\/v2\/product\/13008","targetHints":{"allow":["GET"]}}],"collection":[{"href":"https:\/\/www.famarella.com\/fr\/wp-json\/wp\/v2\/product"}],"about":[{"href":"https:\/\/www.famarella.com\/fr\/wp-json\/wp\/v2\/types\/product"}],"replies":[{"embeddable":true,"href":"https:\/\/www.famarella.com\/fr\/wp-json\/wp\/v2\/comments?post=13008"}],"wp:featuredmedia":[{"embeddable":true,"href":"https:\/\/www.famarella.com\/fr\/wp-json\/wp\/v2\/media\/12969"}],"wp:attachment":[{"href":"https:\/\/www.famarella.com\/fr\/wp-json\/wp\/v2\/media?parent=13008"}],"wp:term":[{"taxonomy":"product_brand","embeddable":true,"href":"https:\/\/www.famarella.com\/fr\/wp-json\/wp\/v2\/product_brand?post=13008"},{"taxonomy":"product_cat","embeddable":true,"href":"https:\/\/www.famarella.com\/fr\/wp-json\/wp\/v2\/product_cat?post=13008"},{"taxonomy":"product_tag","embeddable":true,"href":"https:\/\/www.famarella.com\/fr\/wp-json\/wp\/v2\/product_tag?post=13008"}],"curies":[{"name":"wp","href":"https:\/\/api.w.org\/{rel}","templated":true}]}}