{"id":12792,"date":"2024-10-20T22:18:04","date_gmt":"2024-10-20T22:18:04","guid":{"rendered":"https:\/\/www.famarella.com\/inspirations\/eternity\/"},"modified":"2024-10-20T22:22:44","modified_gmt":"2024-10-20T22:22:44","slug":"eternity","status":"publish","type":"product","link":"https:\/\/www.famarella.com\/fr\/inspirations\/eternity\/","title":{"rendered":"eternity"},"content":{"rendered":"<p>\u00ab\u00a0Eternity\u00a0\u00bbmontre un motif complexe de boucles sans fin, cr\u00e9ant une interconnexion continue qui sugg\u00e8re une continuit\u00e9 ininterrompue. L&rsquo;utilisation de d\u00e9tails en or ou argent enrichit le design d&rsquo;une \u00e9l\u00e9gance intemporelle, le rendant parfait pour les environnements qui visent une sensation de gr\u00e2ce luxueuse et expansive.<\/p>\n<p>&nbsp;<\/p>\n<p>&nbsp;<\/p>\n<p><a href=\"https:\/\/www.famarella.com\/wp-content\/uploads\/2024\/10\/Aurellia.pdf\">Catalogue Download<\/a><\/p>\n","protected":false},"excerpt":{"rendered":"<p>\u00ab\u00a0Eternity\u00a0\u00bbmontre un motif complexe de boucles sans fin, cr\u00e9ant une interconnexion continue qui sugg\u00e8re une continuit\u00e9 ininterrompue. L&rsquo;utilisation de d\u00e9tails<\/p>\n","protected":false},"featured_media":12773,"comment_status":"open","ping_status":"closed","template":"","meta":{"_acf_changed":false},"product_brand":[],"product_cat":[121],"product_tag":[],"class_list":{"0":"post-12792","1":"product","2":"type-product","3":"status-publish","4":"has-post-thumbnail","6":"product_cat-inspirations-fr","7":"pa_colors-blanche","9":"first","10":"instock","11":"shipping-taxable","12":"product-type-simple"},"acf":[],"_links":{"self":[{"href":"https:\/\/www.famarella.com\/fr\/wp-json\/wp\/v2\/product\/12792","targetHints":{"allow":["GET"]}}],"collection":[{"href":"https:\/\/www.famarella.com\/fr\/wp-json\/wp\/v2\/product"}],"about":[{"href":"https:\/\/www.famarella.com\/fr\/wp-json\/wp\/v2\/types\/product"}],"replies":[{"embeddable":true,"href":"https:\/\/www.famarella.com\/fr\/wp-json\/wp\/v2\/comments?post=12792"}],"wp:featuredmedia":[{"embeddable":true,"href":"https:\/\/www.famarella.com\/fr\/wp-json\/wp\/v2\/media\/12773"}],"wp:attachment":[{"href":"https:\/\/www.famarella.com\/fr\/wp-json\/wp\/v2\/media?parent=12792"}],"wp:term":[{"taxonomy":"product_brand","embeddable":true,"href":"https:\/\/www.famarella.com\/fr\/wp-json\/wp\/v2\/product_brand?post=12792"},{"taxonomy":"product_cat","embeddable":true,"href":"https:\/\/www.famarella.com\/fr\/wp-json\/wp\/v2\/product_cat?post=12792"},{"taxonomy":"product_tag","embeddable":true,"href":"https:\/\/www.famarella.com\/fr\/wp-json\/wp\/v2\/product_tag?post=12792"}],"curies":[{"name":"wp","href":"https:\/\/api.w.org\/{rel}","templated":true}]}}