{"id":3611,"date":"2024-07-14T04:50:58","date_gmt":"2024-07-14T04:50:58","guid":{"rendered":"https:\/\/smart-click.agency\/famarella\/?post_type=product&#038;p=3611"},"modified":"2024-10-06T04:28:33","modified_gmt":"2024-10-06T04:28:33","slug":"dream","status":"publish","type":"product","link":"https:\/\/www.famarella.com\/de\/inspirations\/dream\/","title":{"rendered":"dream"},"content":{"rendered":"<p>die wellen meistern, einen imposanten, aber ruhigen hintergrund und einen blauen raum am horizont ausstrahlen. dieses an gem\u00e4lde erinnernde design ist vom konzept des meeres und der seefahrt inspiriert. die hohe h\u00f6he und kombination von zwei lamellen dieses konzepts eignet sich f\u00fcr tiefe hallen mit hohen decken, um ein gef\u00fchl der stille zu schaffen.<\/p>\n","protected":false},"excerpt":{"rendered":"<h2>produktinformation<\/h2>\n<p><strong>gr\u00f6\u00dfe:<\/strong>120 x 280\u00a0\/60 x 120<\/p>\n<p><strong>oberfl\u00e4che:<\/strong>matte\u00a0\/full digital texture\u00a0\/hand made job\u00a0\/full color<\/p>\n<p><strong>Katalog herunterladen: <\/strong><a href=\"https:\/\/www.famarella.com\/wp-content\/uploads\/2024\/09\/Famarella-decor-24-Feb.pdf\">MoonWalk 2023<\/a><\/p>\n","protected":false},"featured_media":12289,"comment_status":"open","ping_status":"closed","template":"","meta":{"_acf_changed":false},"product_brand":[],"product_cat":[122],"product_tag":[],"class_list":{"0":"post-3611","1":"product","2":"type-product","3":"status-publish","4":"has-post-thumbnail","6":"product_cat-inspirations-de","7":"pa_colors-blau","9":"first","10":"instock","11":"shipping-taxable","12":"product-type-simple"},"acf":[],"_links":{"self":[{"href":"https:\/\/www.famarella.com\/de\/wp-json\/wp\/v2\/product\/3611","targetHints":{"allow":["GET"]}}],"collection":[{"href":"https:\/\/www.famarella.com\/de\/wp-json\/wp\/v2\/product"}],"about":[{"href":"https:\/\/www.famarella.com\/de\/wp-json\/wp\/v2\/types\/product"}],"replies":[{"embeddable":true,"href":"https:\/\/www.famarella.com\/de\/wp-json\/wp\/v2\/comments?post=3611"}],"wp:featuredmedia":[{"embeddable":true,"href":"https:\/\/www.famarella.com\/de\/wp-json\/wp\/v2\/media\/12289"}],"wp:attachment":[{"href":"https:\/\/www.famarella.com\/de\/wp-json\/wp\/v2\/media?parent=3611"}],"wp:term":[{"taxonomy":"product_brand","embeddable":true,"href":"https:\/\/www.famarella.com\/de\/wp-json\/wp\/v2\/product_brand?post=3611"},{"taxonomy":"product_cat","embeddable":true,"href":"https:\/\/www.famarella.com\/de\/wp-json\/wp\/v2\/product_cat?post=3611"},{"taxonomy":"product_tag","embeddable":true,"href":"https:\/\/www.famarella.com\/de\/wp-json\/wp\/v2\/product_tag?post=3611"}],"curies":[{"name":"wp","href":"https:\/\/api.w.org\/{rel}","templated":true}]}}