{"id":3608,"date":"2024-07-14T04:52:34","date_gmt":"2024-07-14T04:52:34","guid":{"rendered":"https:\/\/smart-click.agency\/famarella\/?post_type=product&#038;p=3608"},"modified":"2024-10-06T04:28:32","modified_gmt":"2024-10-06T04:28:32","slug":"eden","status":"publish","type":"product","link":"https:\/\/www.famarella.com\/de\/inspirations\/eden\/","title":{"rendered":"eden"},"content":{"rendered":"<p>ein angenehmer sonnenuntergang oder ein unvergesslicher nachmittag, der uns immer an unsere guten momente erinnert. dieses design kann aufgrund seiner impressionistischen flecken und seines starken ausdrucks den k\u00fcnstlerischen geschmack der kunden ansprechen. die anordnung dieses plans ist f\u00fcr alle wohn-, gewerbe- und b\u00fcrofl\u00e4chen geeignet. toiletten, badezimmer und alle mit einem touristenzentrum verbundenen r\u00e4ume k\u00f6nnen ebenfalls von diesem design profitieren und eine attraktive und luxuri\u00f6se umgebung schaffen.<\/p>\n","protected":false},"excerpt":{"rendered":"<h2>produktinformation<\/h2>\n<p><strong>gr\u00f6\u00dfe:<\/strong>120 x 280\u00a0\/60 x 120<\/p>\n<p><strong>oberfl\u00e4che:<\/strong>matte\u00a0\/full color\u00a0\/full digital texture\u00a0\/hand made job\u00a0\/polished<\/p>\n<p><strong>Katalog herunterladen: <\/strong><a href=\"https:\/\/www.famarella.com\/wp-content\/uploads\/2024\/09\/Famarella-decor-24-Feb.pdf\">MoonWalk 2023<\/a><\/p>\n","protected":false},"featured_media":12285,"comment_status":"open","ping_status":"closed","template":"","meta":{"_acf_changed":false},"product_brand":[],"product_cat":[122],"product_tag":[],"class_list":{"0":"post-3608","1":"product","2":"type-product","3":"status-publish","4":"has-post-thumbnail","6":"product_cat-inspirations-de","7":"pa_colors-rosa","9":"first","10":"instock","11":"shipping-taxable","12":"product-type-simple"},"acf":[],"_links":{"self":[{"href":"https:\/\/www.famarella.com\/de\/wp-json\/wp\/v2\/product\/3608","targetHints":{"allow":["GET"]}}],"collection":[{"href":"https:\/\/www.famarella.com\/de\/wp-json\/wp\/v2\/product"}],"about":[{"href":"https:\/\/www.famarella.com\/de\/wp-json\/wp\/v2\/types\/product"}],"replies":[{"embeddable":true,"href":"https:\/\/www.famarella.com\/de\/wp-json\/wp\/v2\/comments?post=3608"}],"wp:featuredmedia":[{"embeddable":true,"href":"https:\/\/www.famarella.com\/de\/wp-json\/wp\/v2\/media\/12285"}],"wp:attachment":[{"href":"https:\/\/www.famarella.com\/de\/wp-json\/wp\/v2\/media?parent=3608"}],"wp:term":[{"taxonomy":"product_brand","embeddable":true,"href":"https:\/\/www.famarella.com\/de\/wp-json\/wp\/v2\/product_brand?post=3608"},{"taxonomy":"product_cat","embeddable":true,"href":"https:\/\/www.famarella.com\/de\/wp-json\/wp\/v2\/product_cat?post=3608"},{"taxonomy":"product_tag","embeddable":true,"href":"https:\/\/www.famarella.com\/de\/wp-json\/wp\/v2\/product_tag?post=3608"}],"curies":[{"name":"wp","href":"https:\/\/api.w.org\/{rel}","templated":true}]}}