{"id":3605,"date":"2024-07-14T04:53:49","date_gmt":"2024-07-14T04:53:49","guid":{"rendered":"https:\/\/smart-click.agency\/famarella\/?post_type=product&#038;p=3605"},"modified":"2024-10-06T04:28:32","modified_gmt":"2024-10-06T04:28:32","slug":"engrave","status":"publish","type":"product","link":"https:\/\/www.famarella.com\/de\/inspirations\/engrave\/","title":{"rendered":"engrave"},"content":{"rendered":"<p>mit licht und farbe spielen und alte erinnerungen wachrufen; wenn sie immer noch durch die klare d\u00e4mmerung von gestern gehen, denken sie daran, dass die erinnerung verborgene dinge enthalten kann, die es heute zu bauen gilt. hinter jedem gibt es eine geschichte zu erz\u00e4hlen; und hinter jedem versteckt sich ein gef\u00fchl, das wiederbelebt und gef\u00e4rbt werden muss. die designer von famarella haben dieses thema basierend auf der idee von alter und verfall mit erdigen farben entworfen, um die emotionen am leben zu erhalten und ihre verbindung mit der existenz aufrechtzuerhalten.<\/p>\n","protected":false},"excerpt":{"rendered":"<h2>produktinformation<\/h2>\n<p><strong>gr\u00f6\u00dfe:<\/strong>120 x 280\u00a0\/60 x 120<\/p>\n<p><strong>oberfl\u00e4che:<\/strong>matte\u00a0\/precious metal\u00a0\/hand made job\u00a0\/full digital texture<\/p>\n<p><strong>Katalog herunterladen: <\/strong><a href=\"https:\/\/www.famarella.com\/wp-content\/uploads\/2024\/09\/Famarella-decor-24-Feb.pdf\">MoonWalk 2023<\/a><\/p>\n","protected":false},"featured_media":12277,"comment_status":"open","ping_status":"closed","template":"","meta":{"_acf_changed":false},"product_brand":[],"product_cat":[122],"product_tag":[],"class_list":{"0":"post-3605","1":"product","2":"type-product","3":"status-publish","4":"has-post-thumbnail","6":"product_cat-inspirations-de","7":"pa_colors-weis","9":"first","10":"instock","11":"shipping-taxable","12":"product-type-simple"},"acf":[],"_links":{"self":[{"href":"https:\/\/www.famarella.com\/de\/wp-json\/wp\/v2\/product\/3605","targetHints":{"allow":["GET"]}}],"collection":[{"href":"https:\/\/www.famarella.com\/de\/wp-json\/wp\/v2\/product"}],"about":[{"href":"https:\/\/www.famarella.com\/de\/wp-json\/wp\/v2\/types\/product"}],"replies":[{"embeddable":true,"href":"https:\/\/www.famarella.com\/de\/wp-json\/wp\/v2\/comments?post=3605"}],"wp:featuredmedia":[{"embeddable":true,"href":"https:\/\/www.famarella.com\/de\/wp-json\/wp\/v2\/media\/12277"}],"wp:attachment":[{"href":"https:\/\/www.famarella.com\/de\/wp-json\/wp\/v2\/media?parent=3605"}],"wp:term":[{"taxonomy":"product_brand","embeddable":true,"href":"https:\/\/www.famarella.com\/de\/wp-json\/wp\/v2\/product_brand?post=3605"},{"taxonomy":"product_cat","embeddable":true,"href":"https:\/\/www.famarella.com\/de\/wp-json\/wp\/v2\/product_cat?post=3605"},{"taxonomy":"product_tag","embeddable":true,"href":"https:\/\/www.famarella.com\/de\/wp-json\/wp\/v2\/product_tag?post=3605"}],"curies":[{"name":"wp","href":"https:\/\/api.w.org\/{rel}","templated":true}]}}