{"id":3558,"date":"2024-07-14T05:17:39","date_gmt":"2024-07-14T05:17:39","guid":{"rendered":"https:\/\/smart-click.agency\/famarella\/?post_type=product&#038;p=3558"},"modified":"2024-10-06T04:28:23","modified_gmt":"2024-10-06T04:28:23","slug":"vector-gold","status":"publish","type":"product","link":"https:\/\/www.famarella.com\/de\/inspirations\/vector-gold\/","title":{"rendered":"vector gold"},"content":{"rendered":"<p>ein ruhiger und sauberer, luxuri\u00f6ser und unvergesslicher raum. dieses design ist der fantasie der famarella-designer \u00fcber die &#8222;idee der zukunft&#8220; entnommen, die mit der idee des &#8222;authentischen gesch\u00e4fts&#8220; zusammenh\u00e4ngt. es kann in kommerziellen umgebungen, b\u00fcros und besprechungsr\u00e4umen verwendet werden und eignet sich auch f\u00fcr produktionsr\u00e4ume f\u00fcr videoinhalte, sodass es dem betrachter den charme und die originalit\u00e4t zeigen und einen beeindruckenden und stilvollen hintergrund haben kann.<\/p>\n","protected":false},"excerpt":{"rendered":"<h2>produktinformation<\/h2>\n<p><strong>gr\u00f6\u00dfe:<\/strong>120 x 280\u00a0\/60 x 120<\/p>\n<p><strong>oberfl\u00e4che:<\/strong>matte\u00a0\/precious metal\u00a0\/full digital texture<\/p>\n<p><strong>Katalog herunterladen: <\/strong><a href=\"https:\/\/www.famarella.com\/wp-content\/uploads\/2024\/09\/Famarella-decor-24-Feb.pdf\">MoonWalk 2023<\/a><\/p>\n","protected":false},"featured_media":12144,"comment_status":"open","ping_status":"closed","template":"","meta":{"_acf_changed":false},"product_brand":[],"product_cat":[122],"product_tag":[],"class_list":{"0":"post-3558","1":"product","2":"type-product","3":"status-publish","4":"has-post-thumbnail","6":"product_cat-inspirations-de","7":"pa_colors-gold-de","8":"pa_colors-grau","10":"first","11":"instock","12":"shipping-taxable","13":"product-type-simple"},"acf":[],"_links":{"self":[{"href":"https:\/\/www.famarella.com\/de\/wp-json\/wp\/v2\/product\/3558","targetHints":{"allow":["GET"]}}],"collection":[{"href":"https:\/\/www.famarella.com\/de\/wp-json\/wp\/v2\/product"}],"about":[{"href":"https:\/\/www.famarella.com\/de\/wp-json\/wp\/v2\/types\/product"}],"replies":[{"embeddable":true,"href":"https:\/\/www.famarella.com\/de\/wp-json\/wp\/v2\/comments?post=3558"}],"wp:featuredmedia":[{"embeddable":true,"href":"https:\/\/www.famarella.com\/de\/wp-json\/wp\/v2\/media\/12144"}],"wp:attachment":[{"href":"https:\/\/www.famarella.com\/de\/wp-json\/wp\/v2\/media?parent=3558"}],"wp:term":[{"taxonomy":"product_brand","embeddable":true,"href":"https:\/\/www.famarella.com\/de\/wp-json\/wp\/v2\/product_brand?post=3558"},{"taxonomy":"product_cat","embeddable":true,"href":"https:\/\/www.famarella.com\/de\/wp-json\/wp\/v2\/product_cat?post=3558"},{"taxonomy":"product_tag","embeddable":true,"href":"https:\/\/www.famarella.com\/de\/wp-json\/wp\/v2\/product_tag?post=3558"}],"curies":[{"name":"wp","href":"https:\/\/api.w.org\/{rel}","templated":true}]}}