{"id":12841,"date":"2024-10-20T22:37:31","date_gmt":"2024-10-20T22:37:31","guid":{"rendered":"https:\/\/www.famarella.com\/inspirations\/embrasure\/"},"modified":"2024-10-20T22:40:44","modified_gmt":"2024-10-20T22:40:44","slug":"embrasure","status":"publish","type":"product","link":"https:\/\/www.famarella.com\/de\/inspirations\/embrasure\/","title":{"rendered":"embrasure"},"content":{"rendered":"<p>&#8222;Embrassure&#8220; l\u00e4sst sich von der architektonischen Anmut von Erbgutbauten inspirieren und zeigt Muster, die die ornamentalen Designs alter Fenster widerspiegeln. Diese Platte integriert eine historische Erz\u00e4hlung in moderne Umgebungen und schl\u00e4gt eine Br\u00fccke zwischen alter Opulenz und zeitgen\u00f6ssischem Design.<\/p>\n<p><a href=\"https:\/\/www.famarella.com\/wp-content\/uploads\/2024\/10\/Aurellia.pdf\">Catalogue Download<\/a><\/p>\n","protected":false},"excerpt":{"rendered":"<p>&#8222;Embrassure&#8220; l\u00e4sst sich von der architektonischen Anmut von Erbgutbauten inspirieren und zeigt Muster, die die ornamentalen Designs alter Fenster widerspiegeln.<\/p>\n","protected":false},"featured_media":12826,"comment_status":"open","ping_status":"closed","template":"","meta":{"_acf_changed":false},"product_brand":[],"product_cat":[122],"product_tag":[],"class_list":{"0":"post-12841","1":"product","2":"type-product","3":"status-publish","4":"has-post-thumbnail","6":"product_cat-inspirations-de","7":"pa_colors-weis","9":"first","10":"instock","11":"shipping-taxable","12":"product-type-simple"},"acf":[],"_links":{"self":[{"href":"https:\/\/www.famarella.com\/de\/wp-json\/wp\/v2\/product\/12841","targetHints":{"allow":["GET"]}}],"collection":[{"href":"https:\/\/www.famarella.com\/de\/wp-json\/wp\/v2\/product"}],"about":[{"href":"https:\/\/www.famarella.com\/de\/wp-json\/wp\/v2\/types\/product"}],"replies":[{"embeddable":true,"href":"https:\/\/www.famarella.com\/de\/wp-json\/wp\/v2\/comments?post=12841"}],"wp:featuredmedia":[{"embeddable":true,"href":"https:\/\/www.famarella.com\/de\/wp-json\/wp\/v2\/media\/12826"}],"wp:attachment":[{"href":"https:\/\/www.famarella.com\/de\/wp-json\/wp\/v2\/media?parent=12841"}],"wp:term":[{"taxonomy":"product_brand","embeddable":true,"href":"https:\/\/www.famarella.com\/de\/wp-json\/wp\/v2\/product_brand?post=12841"},{"taxonomy":"product_cat","embeddable":true,"href":"https:\/\/www.famarella.com\/de\/wp-json\/wp\/v2\/product_cat?post=12841"},{"taxonomy":"product_tag","embeddable":true,"href":"https:\/\/www.famarella.com\/de\/wp-json\/wp\/v2\/product_tag?post=12841"}],"curies":[{"name":"wp","href":"https:\/\/api.w.org\/{rel}","templated":true}]}}