{"id":12768,"date":"2024-10-20T22:03:11","date_gmt":"2024-10-20T22:03:11","guid":{"rendered":"https:\/\/www.famarella.com\/inspirations\/trace\/"},"modified":"2024-10-20T22:08:58","modified_gmt":"2024-10-20T22:08:58","slug":"trace","status":"publish","type":"product","link":"https:\/\/www.famarella.com\/de\/inspirations\/trace\/","title":{"rendered":"Trace"},"content":{"rendered":"<p>Trace f\u00e4ngt die Essenz von Pfaden ein, die von nat\u00fcrlichen Elementen hinterlassen wurden, mit abstrakten Markierungen, die den Blick des Betrachters \u00fcber die Oberfl\u00e4che leiten. Der Kontrast von Gold oder Silber auf einer schlichten oder farbigen Basis verst\u00e4rkt das Gef\u00fchl von Tiefe und R\u00e4tselhaftigkeit, perfekt f\u00fcr ein markantes Design sowohl auf B\u00f6den als auch an W\u00e4nden.<\/p>\n","protected":false},"excerpt":{"rendered":"<p>Trace f\u00e4ngt die Essenz von Pfaden ein, die von nat\u00fcrlichen Elementen hinterlassen wurden, mit abstrakten Markierungen, die den Blick des<\/p>\n","protected":false},"featured_media":12721,"comment_status":"open","ping_status":"closed","template":"","meta":{"_acf_changed":false},"product_brand":[],"product_cat":[122],"product_tag":[],"class_list":{"0":"post-12768","1":"product","2":"type-product","3":"status-publish","4":"has-post-thumbnail","6":"product_cat-inspirations-de","7":"pa_colors-weis","9":"first","10":"instock","11":"shipping-taxable","12":"product-type-simple"},"acf":[],"_links":{"self":[{"href":"https:\/\/www.famarella.com\/de\/wp-json\/wp\/v2\/product\/12768","targetHints":{"allow":["GET"]}}],"collection":[{"href":"https:\/\/www.famarella.com\/de\/wp-json\/wp\/v2\/product"}],"about":[{"href":"https:\/\/www.famarella.com\/de\/wp-json\/wp\/v2\/types\/product"}],"replies":[{"embeddable":true,"href":"https:\/\/www.famarella.com\/de\/wp-json\/wp\/v2\/comments?post=12768"}],"wp:featuredmedia":[{"embeddable":true,"href":"https:\/\/www.famarella.com\/de\/wp-json\/wp\/v2\/media\/12721"}],"wp:attachment":[{"href":"https:\/\/www.famarella.com\/de\/wp-json\/wp\/v2\/media?parent=12768"}],"wp:term":[{"taxonomy":"product_brand","embeddable":true,"href":"https:\/\/www.famarella.com\/de\/wp-json\/wp\/v2\/product_brand?post=12768"},{"taxonomy":"product_cat","embeddable":true,"href":"https:\/\/www.famarella.com\/de\/wp-json\/wp\/v2\/product_cat?post=12768"},{"taxonomy":"product_tag","embeddable":true,"href":"https:\/\/www.famarella.com\/de\/wp-json\/wp\/v2\/product_tag?post=12768"}],"curies":[{"name":"wp","href":"https:\/\/api.w.org\/{rel}","templated":true}]}}