{"id":4984,"date":"2024-06-11T05:02:24","date_gmt":"2024-06-11T05:02:24","guid":{"rendered":"https:\/\/www.famarella.com\/?page_id=4984"},"modified":"2024-10-29T13:51:39","modified_gmt":"2024-10-29T13:51:39","slug":"anpassung","status":"publish","type":"page","link":"https:\/\/www.famarella.com\/de\/anpassung\/","title":{"rendered":"Anpassung"},"content":{"rendered":"\t\t<div data-elementor-type=\"wp-page\" data-elementor-id=\"4984\" class=\"elementor elementor-4984 elementor-15\" data-elementor-post-type=\"page\">\n\t\t\t\t<div class=\"wd-negative-gap elementor-element elementor-element-1977431 e-flex e-con-boxed e-con e-parent\" data-id=\"1977431\" data-element_type=\"container\" data-e-type=\"container\">\n\t\t\t\t\t<div class=\"e-con-inner\">\n\t\t\t\t<div class=\"elementor-element elementor-element-595e347 exad-sticky-section-no exad-glass-effect-no elementor-widget elementor-widget-wd_image_or_svg\" data-id=\"595e347\" data-element_type=\"widget\" data-e-type=\"widget\" data-widget_type=\"wd_image_or_svg.default\">\n\t\t\t\t<div class=\"elementor-widget-container\">\n\t\t\t\t\t\n\t\t<div class=\"wd-image text-center\">\n\t\t\t\t\t\t\t\t<img fetchpriority=\"high\" decoding=\"async\" width=\"1080\" height=\"1080\" src=\"https:\/\/www.famarella.com\/wp-content\/uploads\/2024\/10\/Serenity02-02-1-e1729536503473.jpg\" class=\"attachment-full size-full\" alt=\"\" \/>\t\t\t\t\t<\/div>\n\n\t\t\t\t\t\t<\/div>\n\t\t\t\t<\/div>\n\t\t\t\t\t<\/div>\n\t\t\t\t<\/div>\n\t\t<div class=\"wd-negative-gap elementor-element elementor-element-8473809 e-flex e-con-boxed e-con e-parent\" data-id=\"8473809\" data-element_type=\"container\" data-e-type=\"container\">\n\t\t\t\t\t<div class=\"e-con-inner\">\n\t\t<div class=\"elementor-element elementor-element-5f7eb86 e-con-full e-flex e-con e-child\" data-id=\"5f7eb86\" data-element_type=\"container\" data-e-type=\"container\">\n\t\t\t\t<div class=\"elementor-element elementor-element-393137e exad-sticky-section-no exad-glass-effect-no elementor-widget elementor-widget-wd_image_or_svg\" data-id=\"393137e\" data-element_type=\"widget\" data-e-type=\"widget\" data-widget_type=\"wd_image_or_svg.default\">\n\t\t\t\t<div class=\"elementor-widget-container\">\n\t\t\t\t\t\n\t\t<div class=\"wd-image text-left\">\n\t\t\t\t\t\t\t\t<img decoding=\"async\" width=\"1200\" height=\"830\" src=\"https:\/\/www.famarella.com\/wp-content\/uploads\/2024\/10\/blossom4-copy-2.jpg\" class=\"attachment-full size-full\" alt=\"\" srcset=\"https:\/\/www.famarella.com\/wp-content\/uploads\/2024\/10\/blossom4-copy-2.jpg 1200w, https:\/\/www.famarella.com\/wp-content\/uploads\/2024\/10\/blossom4-copy-2-300x208.jpg 300w, https:\/\/www.famarella.com\/wp-content\/uploads\/2024\/10\/blossom4-copy-2-1024x708.jpg 1024w, https:\/\/www.famarella.com\/wp-content\/uploads\/2024\/10\/blossom4-copy-2-768x531.jpg 768w, https:\/\/www.famarella.com\/wp-content\/uploads\/2024\/10\/blossom4-copy-2-600x415.jpg 600w, https:\/\/www.famarella.com\/wp-content\/uploads\/2024\/10\/blossom4-copy-2-150x104.jpg 150w\" sizes=\"(max-width: 1200px) 100vw, 1200px\" \/>\t\t\t\t\t<\/div>\n\n\t\t\t\t\t\t<\/div>\n\t\t\t\t<\/div>\n\t\t\t\t<\/div>\n\t\t<div class=\"elementor-element elementor-element-6e7a396 e-con-full e-flex e-con e-child\" data-id=\"6e7a396\" data-element_type=\"container\" data-e-type=\"container\">\n\t\t\t\t<div class=\"elementor-element elementor-element-9833823 exad-sticky-section-no exad-glass-effect-no elementor-widget elementor-widget-wd_image_or_svg\" data-id=\"9833823\" data-element_type=\"widget\" data-e-type=\"widget\" data-widget_type=\"wd_image_or_svg.default\">\n\t\t\t\t<div class=\"elementor-widget-container\">\n\t\t\t\t\t\n\t\t<div class=\"wd-image text-left\">\n\t\t\t\t\t\t\t\t<img decoding=\"async\" width=\"1200\" height=\"830\" src=\"https:\/\/www.famarella.com\/wp-content\/uploads\/2024\/10\/banner-bathroom.jpg\" class=\"attachment-full size-full\" alt=\"bathroom handmade decorative tiles\" srcset=\"https:\/\/www.famarella.com\/wp-content\/uploads\/2024\/10\/banner-bathroom.jpg 1200w, https:\/\/www.famarella.com\/wp-content\/uploads\/2024\/10\/banner-bathroom-300x208.jpg 300w, https:\/\/www.famarella.com\/wp-content\/uploads\/2024\/10\/banner-bathroom-1024x708.jpg 1024w, https:\/\/www.famarella.com\/wp-content\/uploads\/2024\/10\/banner-bathroom-768x531.jpg 768w, https:\/\/www.famarella.com\/wp-content\/uploads\/2024\/10\/banner-bathroom-600x415.jpg 600w, https:\/\/www.famarella.com\/wp-content\/uploads\/2024\/10\/banner-bathroom-150x104.jpg 150w\" sizes=\"(max-width: 1200px) 100vw, 1200px\" \/>\t\t\t\t\t<\/div>\n\n\t\t\t\t\t\t<\/div>\n\t\t\t\t<\/div>\n\t\t\t\t<\/div>\n\t\t<div class=\"elementor-element elementor-element-0ccc367 e-con-full e-flex e-con e-child\" data-id=\"0ccc367\" data-element_type=\"container\" data-e-type=\"container\">\n\t\t\t\t<div class=\"elementor-element elementor-element-ed05590 exad-sticky-section-no exad-glass-effect-no elementor-widget elementor-widget-wd_image_or_svg\" data-id=\"ed05590\" data-element_type=\"widget\" data-e-type=\"widget\" data-widget_type=\"wd_image_or_svg.default\">\n\t\t\t\t<div class=\"elementor-widget-container\">\n\t\t\t\t\t\n\t\t<div class=\"wd-image text-center\">\n\t\t\t\t\t\t\t\t<img loading=\"lazy\" decoding=\"async\" width=\"1200\" height=\"830\" src=\"https:\/\/www.famarella.com\/wp-content\/uploads\/2024\/10\/fireplace-banner.jpg\" class=\"attachment-full size-full\" alt=\"fireplace handmade decorative slabs\" srcset=\"https:\/\/www.famarella.com\/wp-content\/uploads\/2024\/10\/fireplace-banner.jpg 1200w, https:\/\/www.famarella.com\/wp-content\/uploads\/2024\/10\/fireplace-banner-300x208.jpg 300w, https:\/\/www.famarella.com\/wp-content\/uploads\/2024\/10\/fireplace-banner-1024x708.jpg 1024w, https:\/\/www.famarella.com\/wp-content\/uploads\/2024\/10\/fireplace-banner-768x531.jpg 768w, https:\/\/www.famarella.com\/wp-content\/uploads\/2024\/10\/fireplace-banner-600x415.jpg 600w, https:\/\/www.famarella.com\/wp-content\/uploads\/2024\/10\/fireplace-banner-150x104.jpg 150w\" sizes=\"(max-width: 1200px) 100vw, 1200px\" \/>\t\t\t\t\t<\/div>\n\n\t\t\t\t\t\t<\/div>\n\t\t\t\t<\/div>\n\t\t\t\t<\/div>\n\t\t<div class=\"elementor-element elementor-element-fa4da93 e-con-full e-flex e-con e-child\" data-id=\"fa4da93\" data-element_type=\"container\" data-e-type=\"container\">\n\t\t\t\t<div class=\"elementor-element elementor-element-b13f89e exad-sticky-section-no exad-glass-effect-no elementor-widget elementor-widget-wd_image_or_svg\" data-id=\"b13f89e\" data-element_type=\"widget\" data-e-type=\"widget\" data-widget_type=\"wd_image_or_svg.default\">\n\t\t\t\t<div class=\"elementor-widget-container\">\n\t\t\t\t\t\n\t\t<div class=\"wd-image text-left\">\n\t\t\t\t\t\t\t\t<img loading=\"lazy\" decoding=\"async\" width=\"1200\" height=\"830\" src=\"https:\/\/www.famarella.com\/wp-content\/uploads\/2024\/10\/shower-banner.jpg\" class=\"attachment-full size-full\" alt=\"decorative handmade shower slabs\" srcset=\"https:\/\/www.famarella.com\/wp-content\/uploads\/2024\/10\/shower-banner.jpg 1200w, https:\/\/www.famarella.com\/wp-content\/uploads\/2024\/10\/shower-banner-300x208.jpg 300w, https:\/\/www.famarella.com\/wp-content\/uploads\/2024\/10\/shower-banner-1024x708.jpg 1024w, https:\/\/www.famarella.com\/wp-content\/uploads\/2024\/10\/shower-banner-768x531.jpg 768w, https:\/\/www.famarella.com\/wp-content\/uploads\/2024\/10\/shower-banner-600x415.jpg 600w, https:\/\/www.famarella.com\/wp-content\/uploads\/2024\/10\/shower-banner-150x104.jpg 150w\" sizes=\"(max-width: 1200px) 100vw, 1200px\" \/>\t\t\t\t\t<\/div>\n\n\t\t\t\t\t\t<\/div>\n\t\t\t\t<\/div>\n\t\t\t\t<\/div>\n\t\t\t\t\t<\/div>\n\t\t\t\t<\/div>\n\t\t<div class=\"wd-negative-gap elementor-element elementor-element-2251d53 e-grid e-con-boxed e-con e-parent\" data-id=\"2251d53\" data-element_type=\"container\" data-e-type=\"container\">\n\t\t\t\t\t<div class=\"e-con-inner\">\n\t\t\t\t<div class=\"elementor-element elementor-element-3464d9e exad-sticky-section-no exad-glass-effect-no elementor-widget elementor-widget-wd_text_block\" data-id=\"3464d9e\" data-element_type=\"widget\" data-e-type=\"widget\" data-widget_type=\"wd_text_block.default\">\n\t\t\t\t<div class=\"elementor-widget-container\">\n\t\t\t\t\t\t\t<div class=\"wd-text-block reset-last-child text-left\">\n\t\t\t\n\t\t\t<p><strong>Begeben Sie sich auf eine unvergleichliche Reise durch das Wesen italienischer Kunst.<\/strong><br \/>Wir pr\u00e4sentieren Ihnen ein Reich, in dem luxuri\u00f6se Porzellanplatten Eleganz definieren und die Vorstellungskraft \u00fcbertreffen. Treten Sie ein in eine Welt, die mit gr\u00f6\u00dfter Sorgfalt in Italien gefertigt wurde, wo Luxus auf Innovation trifft. Hier bedienen wir die anspruchsvollen Geschm\u00e4cker von Elite-Architekten, vision\u00e4ren Innenarchitekten und luxuri\u00f6sen Hausbesitzern und bieten ein unvergleichliches Erlebnis der <strong>100%igen Personalisierung.<\/strong><br \/>Tr\u00e4ume nehmen in greifbaren Meisterwerken Gestalt an. Erleben Sie den Reiz des ma\u00dfgeschneiderten Designs, bei dem jede Platte eine transformative Geschichte webt und R\u00e4ume in eine exquisite Leinwand verwandelt.<br \/><strong>\"Design Your Dream\",<\/strong><br \/>ein exklusiver Service von Famarella, ist ein Schritt-f\u00fcr-Schritt-Prozess, um Ihre Tr\u00e4ume auf Porzellanoberfl\u00e4chen Wirklichkeit werden zu lassen.<br \/>Erleben Sie das Au\u00dfergew\u00f6hnliche: Ihre Vision, unsere Leinwand.<br \/>Mit Famarella geh\u00f6rt Ihnen die Kunst der 100%igen Personalisierung und exklusiven Designs. Wir vertreten die \u00dcberzeugung, dass der Wert im Produkt selbst liegt.<\/p>\n\t\t\t\t\t<\/div>\n\t\t\t\t\t\t<\/div>\n\t\t\t\t<\/div>\n\t\t\t\t<div class=\"elementor-element elementor-element-968eb4c exad-sticky-section-no exad-glass-effect-no elementor-widget elementor-widget-wd_text_block\" data-id=\"968eb4c\" data-element_type=\"widget\" data-e-type=\"widget\" data-widget_type=\"wd_text_block.default\">\n\t\t\t\t<div class=\"elementor-widget-container\">\n\t\t\t\t\t\t\t<div class=\"wd-text-block reset-last-child text-left\">\n\t\t\t\n\t\t\t<p><strong>\"Design Your Dream\"<\/strong> hat das Ziel, Tr\u00e4ume zu verwirklichen und jeden Raum zu versch\u00f6nern, sei es klassisch, modern oder ma\u00dfgeschneidert, und bietet jedes Mal eine einzigartige Personalisierung. Jedes Detail findet seinen Platz auf Oberfl\u00e4chen, die jede Idee zum Leben erwecken, mit einem zu <strong>100 % einzigartigen Ergebnis.<\/strong><br \/>Lebendige Farben und gl\u00e4nzende Effekte sind die M\u00f6glichkeiten, die DYD denen bietet, die ihre Kreativit\u00e4t ausdr\u00fccken und mit Famarella ihre pers\u00f6nliche Signatur setzen m\u00f6chten.<br \/>Es verk\u00f6rpert Best\u00e4ndigkeit und Zuverl\u00e4ssigkeit, nicht nur in den Produktionsschritten, sondern auch in den verwendeten Materialien und gew\u00e4hrleistet die beste Farbwiedergabe im Laufe der Zeit.<br \/>Die Anwendungen, sowohl f\u00fcr Innen- als auch Au\u00dfenbereiche, k\u00f6nnen nun nach dem Geschmack des Kunden personalisiert werden und verwandeln den \u00e4sthetischen Traum in Realit\u00e4t.<br \/>Die Anwendungstechniken des <strong>DYD-Services<\/strong> sind grenzenlos: von speziellen \u00fcberdachten Bereichen in Wohngebieten wie Badezimmern und Lobbys bis hin zu Au\u00dfenw\u00e4nden, Geb\u00e4ude\u00adfassaden und urbanen Designelementen. Ob Innen- oder Au\u00dfenbereich, 'Design Your Dream' kann jede Oberfl\u00e4che in ein personalisiertes Meisterwerk verwandeln.<br \/>Erfahren Sie mehr unter:\u00a0<br \/><a href=\"https:\/\/www.famarella.com\/de\/gestalten-sie-ihren-traum\/\">https:\/\/www.famarella.com\/de\/gestalten-sie-ihren-traum\/<\/a><\/p>\n\t\t\t\t\t<\/div>\n\t\t\t\t\t\t<\/div>\n\t\t\t\t<\/div>\n\t\t\t\t<div class=\"elementor-element elementor-element-79176ac exad-sticky-section-no exad-glass-effect-no elementor-widget elementor-widget-wd_text_block\" data-id=\"79176ac\" data-element_type=\"widget\" data-e-type=\"widget\" data-widget_type=\"wd_text_block.default\">\n\t\t\t\t<div class=\"elementor-widget-container\">\n\t\t\t\t\t\t\t<div class=\"wd-text-block reset-last-child text-center\">\n\t\t\t\n\t\t\t<div class=\"flex max-w-full flex-col flex-grow\"><div class=\"min-h-8 text-message flex w-full flex-col items-end gap-2 whitespace-normal break-words [.text-message+&amp;]:mt-5\" dir=\"auto\" data-message-author-role=\"assistant\" data-message-id=\"e8acd604-8360-44e5-ac97-1901ed210014\"><div class=\"flex w-full flex-col gap-1 empty:hidden first:pt-[3px]\"><div class=\"markdown prose w-full break-words dark:prose-invert light\"><p><br><\/p><p><br><\/p><p><br><\/p><p><br><\/p><p><a href=\"https:\/\/www.famarella.com\/wp-content\/uploads\/2024\/09\/Design-your-Dream-1.pdf\"><strong>LADEN SIE DEN KATALOG HERUNTER<\/strong><\/a><\/p><p><img loading=\"lazy\" decoding=\"async\" class=\"aligncenter size-medium wp-image-9568\" src=\"https:\/\/www.famarella.com\/wp-content\/uploads\/2024\/10\/Screenshot-2024-10-05-235837-copy-1-300x207.jpg\" alt=\"\" width=\"300\" height=\"207\" srcset=\"https:\/\/www.famarella.com\/wp-content\/uploads\/2024\/10\/Screenshot-2024-10-05-235837-copy-1-300x207.jpg 300w, https:\/\/www.famarella.com\/wp-content\/uploads\/2024\/10\/Screenshot-2024-10-05-235837-copy-1-1024x706.jpg 1024w, https:\/\/www.famarella.com\/wp-content\/uploads\/2024\/10\/Screenshot-2024-10-05-235837-copy-1-768x529.jpg 768w, https:\/\/www.famarella.com\/wp-content\/uploads\/2024\/10\/Screenshot-2024-10-05-235837-copy-1-1536x1059.jpg 1536w, https:\/\/www.famarella.com\/wp-content\/uploads\/2024\/10\/Screenshot-2024-10-05-235837-copy-1-2048x1412.jpg 2048w, https:\/\/www.famarella.com\/wp-content\/uploads\/2024\/10\/Screenshot-2024-10-05-235837-copy-1-600x414.jpg 600w, https:\/\/www.famarella.com\/wp-content\/uploads\/2024\/10\/Screenshot-2024-10-05-235837-copy-1-150x103.jpg 150w\" sizes=\"(max-width: 300px) 100vw, 300px\" \/><\/p><\/div><\/div><\/div><br><div class=\"items-center justify-start rounded-xl p-1 flex\"><div class=\"flex items-center\"><br><\/div><div class=\"flex items-center\"><br><\/div><div class=\"flex items-center\"><br><\/div><div class=\"flex items-center\">&nbsp;<\/div><\/div><\/div>\n\t\t\t\t\t<\/div>\n\t\t\t\t\t\t<\/div>\n\t\t\t\t<\/div>\n\t\t\t\t\t<\/div>\n\t\t\t\t<\/div>\n\t\t<div class=\"wd-negative-gap elementor-element elementor-element-0d61ce9 e-flex e-con-boxed e-con e-parent\" data-id=\"0d61ce9\" data-element_type=\"container\" data-e-type=\"container\">\n\t\t\t\t\t<div class=\"e-con-inner\">\n\t\t\t\t<div class=\"elementor-element elementor-element-7e8da63 elementor-widget__width-initial exad-sticky-section-no exad-glass-effect-no elementor-widget elementor-widget-wd_text_block\" data-id=\"7e8da63\" data-element_type=\"widget\" data-e-type=\"widget\" data-widget_type=\"wd_text_block.default\">\n\t\t\t\t<div class=\"elementor-widget-container\">\n\t\t\t\t\t\t\t<div class=\"wd-text-block reset-last-child text-left\">\n\t\t\t\n\t\t\t<p><a href=\"https:\/\/www.famarella.com\/de\/inspiration\/\"><strong>INSPIRATION<\/strong><\/a><\/p>\n\t\t\t\t\t<\/div>\n\t\t\t\t\t\t<\/div>\n\t\t\t\t<\/div>\n\t\t\t\t\t<\/div>\n\t\t\t\t<\/div>\n\t\t<div class=\"wd-negative-gap elementor-element elementor-element-3fe77fa e-flex e-con-boxed e-con e-parent\" data-id=\"3fe77fa\" data-element_type=\"container\" data-e-type=\"container\">\n\t\t\t\t\t<div class=\"e-con-inner\">\n\t\t\t\t<div class=\"elementor-element elementor-element-4b8670d wd-width-100 exad-sticky-section-no exad-glass-effect-no elementor-widget elementor-widget-wd_video\" data-id=\"4b8670d\" data-element_type=\"widget\" data-e-type=\"widget\" data-widget_type=\"wd_video.default\">\n\t\t\t\t<div class=\"elementor-widget-container\">\n\t\t\t\t\t\n\t\t<div class=\"wd-el-video wd-action-overlay wd-video-youtube\">\n\t\t\t\t\t\t\t<iframe data-lazy-load=\"https:\/\/www.youtube.com\/embed\/rqipK5c_Ero?feature=oembed&loop=0&mute=0&controls=1\" allowfullscreen allow=\"accelerometer; autoplay; encrypted-media; gyroscope; picture-in-picture\" width=\"100%\" height=\"100%\" loading=\"lazy\"><\/iframe>\t\t\t\n\t\t\t\n\t\t\t\n\t\t\t\t\t\t\t<div class=\"wd-el-video-overlay wd-fill\">\n\t\t\t\t\t\t\t\t\t<\/div>\n\t\t\t\t<div class=\"wd-el-video-control color-scheme-light wd-fill\">\n\t\t\t\t\t<span class=\"wd-el-video-play-btn\"><\/span>\n\t\t\t\t\t\t\t\t\t\t\t<span class=\"wd-el-video-play-label\">\n\t\t\t\t\t\t\tDESIGN YOUR DREAM\t\t\t\t\t\t<\/span>\n\t\t\t\t\t\t\t\t\t<\/div>\n\n\t\t\t\t<a class=\"wd-el-video-link wd-el-video-btn-overlay wd-fill\" href=\"https:\/\/youtu.be\/rqipK5c_Ero?si=SbGFZkhJGmKTogq7\" target=\"_blank\" rel=\"noopener\"><\/a>\n\t\t\t\t\t<\/div>\n\t\t\t\t\t\t<\/div>\n\t\t\t\t<\/div>\n\t\t\t\t\t<\/div>\n\t\t\t\t<\/div>\n\t\t<div class=\"wd-negative-gap elementor-element elementor-element-898b3fd wd-section-stretch-content e-flex e-con-boxed e-con e-parent\" data-id=\"898b3fd\" data-element_type=\"container\" data-e-type=\"container\">\n\t\t\t\t\t<div class=\"e-con-inner\">\n\t\t\t\t<div class=\"elementor-element elementor-element-072862b exad-sticky-section-no exad-glass-effect-no elementor-widget elementor-widget-wd_button\" data-id=\"072862b\" data-element_type=\"widget\" data-e-type=\"widget\" data-widget_type=\"wd_button.default\">\n\t\t\t\t<div class=\"elementor-widget-container\">\n\t\t\t\t\t\t\t<div class=\"wd-button-wrapper text-center\" >\n\t\t\t<a class=\"btn btn-style-default btn-shape-rectangle btn-size-default btn-color-primary btn-full-width btn-icon-pos-right\"  href=\"#\">\n\t\t\t\t<span class=\"wd-btn-text\" data-elementor-setting-key=\"text\">\n\t\t\t\t\tRequest Information\t\t\t\t<\/span>\n\n\t\t\t\t\t\t\t<\/a>\n\t\t<\/div>\n\t\t\t\t\t\t<\/div>\n\t\t\t\t<\/div>\n\t\t\t\t\t<\/div>\n\t\t\t\t<\/div>\n\t\t\t\t<\/div>\n\t\t","protected":false},"excerpt":{"rendered":"<p>Begeben Sie sich auf eine unvergleichliche Reise durch das Wesen italienischer Kunst.Wir pr\u00e4sentieren Ihnen ein Reich, in dem luxuri\u00f6se Porzellanplatten<\/p>\n","protected":false},"author":1,"featured_media":0,"parent":0,"menu_order":0,"comment_status":"closed","ping_status":"closed","template":"","meta":{"_acf_changed":false,"footnotes":""},"class_list":["post-4984","page","type-page","status-publish","hentry"],"acf":[],"_links":{"self":[{"href":"https:\/\/www.famarella.com\/de\/wp-json\/wp\/v2\/pages\/4984","targetHints":{"allow":["GET"]}}],"collection":[{"href":"https:\/\/www.famarella.com\/de\/wp-json\/wp\/v2\/pages"}],"about":[{"href":"https:\/\/www.famarella.com\/de\/wp-json\/wp\/v2\/types\/page"}],"author":[{"embeddable":true,"href":"https:\/\/www.famarella.com\/de\/wp-json\/wp\/v2\/users\/1"}],"replies":[{"embeddable":true,"href":"https:\/\/www.famarella.com\/de\/wp-json\/wp\/v2\/comments?post=4984"}],"version-history":[{"count":25,"href":"https:\/\/www.famarella.com\/de\/wp-json\/wp\/v2\/pages\/4984\/revisions"}],"predecessor-version":[{"id":13970,"href":"https:\/\/www.famarella.com\/de\/wp-json\/wp\/v2\/pages\/4984\/revisions\/13970"}],"wp:attachment":[{"href":"https:\/\/www.famarella.com\/de\/wp-json\/wp\/v2\/media?parent=4984"}],"curies":[{"name":"wp","href":"https:\/\/api.w.org\/{rel}","templated":true}]}}